{"id":230,"date":"2018-02-28T09:40:21","date_gmt":"2018-02-28T06:40:21","guid":{"rendered":"http:\/\/bridge168.qodeinteractive.com\/?page_id=4"},"modified":"2019-08-22T11:58:14","modified_gmt":"2019-08-22T08:58:14","slug":"anasayfa","status":"publish","type":"page","link":"http:\/\/tedxkas.com\/","title":{"rendered":"Anasayfa"},"content":{"rendered":"<section class=\"wpb-content-wrapper\"><p>[vc_row css_animation=&#8221;&#8221; row_type=&#8221;row&#8221; use_row_as_full_screen_section=&#8221;no&#8221; type=&#8221;full_width&#8221; angled_section=&#8221;no&#8221; text_align=&#8221;left&#8221; background_image_as_pattern=&#8221;without_pattern&#8221;][vc_column][rev_slider_vc alias=&#8221;home1&#8243;][\/vc_column][\/vc_row][vc_row css_animation=&#8221;&#8221; row_type=&#8221;row&#8221; use_row_as_full_screen_section=&#8221;no&#8221; type=&#8221;grid&#8221; angled_section=&#8221;no&#8221; text_align=&#8221;left&#8221; background_image_as_pattern=&#8221;without_pattern&#8221; z_index=&#8221;&#8221;][vc_column css=&#8221;.vc_custom_1536796138323{margin-top: -15% !important;}&#8221;][qode_elements_holder number_of_columns=&#8221;one_column&#8221;][qode_elements_holder_item background_color=&#8221;#ff0000&#8243; item_padding=&#8221;75px 0 75px 0&#8243; advanced_animations=&#8221;no&#8221; item_padding_768_1024=&#8221;40px 0 40px 0&#8243;][countdown year=&#8221;2018&#8243; month=&#8221;9&#8243; day=&#8221;15&#8243; hour=&#8221;18&#8243; minute=&#8221;0&#8243; show_separator=&#8221;hide_separator&#8221; color=&#8221;#ffffff&#8221; digit_font_size=&#8221;80&#8243; label_font_size=&#8221;20&#8243;][\/qode_elements_holder_item][\/qode_elements_holder][\/vc_column][\/vc_row][vc_row css_animation=&#8221;&#8221; row_type=&#8221;row&#8221; use_row_as_full_screen_section=&#8221;no&#8221; type=&#8221;grid&#8221; angled_section=&#8221;no&#8221; text_align=&#8221;left&#8221; background_image_as_pattern=&#8221;without_pattern&#8221; row_negative_margin=&#8221;disable_negative_margin&#8221; css=&#8221;.vc_custom_1536798113892{padding-top: 60px !important;}&#8221; z_index=&#8221;6&#8243;][vc_column][vc_column_text]<\/p>\n<p style=\"text-align: center;\"><span style=\"font-size: 17px; line-height: 29px;\">Lokal deneyimler ne kadar de\u011ferli, uzaktan e\u011fitim m\u00fcmk\u00fcn m\u00fc, b\u00fcy\u00fck \u015fehirlerin alternatifi var m\u0131, ya\u015fad\u0131\u011f\u0131m\u0131z hayattan ne kadar memnunuz, giri\u015fimci ruhun \u00f6zg\u00fcrl\u00fck aramas\u0131n\u0131n s\u0131rr\u0131, iyi tar\u0131mla kendi \u00fcretimimizi yapabilir miyiz, yeni mimarl\u0131k d\u00f6n\u00fc\u015ft\u00fcr\u00fcr m\u00fc y\u0131kar m\u0131 gibi sorular mevcut hayat\u0131n\u0131 sorgulayan ve bu sorulara yan\u0131t bulmak i\u00e7in yola \u00e7\u0131kanlar\u0131n konu\u015faca\u011f\u0131 ba\u011f\u0131ms\u0131z TEDxKa\u015f etkinli\u011fi D\u00fc\u015fler Akademisi Ka\u015f\u2019da ger\u00e7ekle\u015ftirilecek.<br \/>\n<\/span><\/p>\n<p>[\/vc_column_text][vc_single_image image=&#8221;300&#8243; img_size=&#8221;medium&#8221; alignment=&#8221;center&#8221; qode_css_animation=&#8221;&#8221;][\/vc_column][\/vc_row][vc_row css_animation=&#8221;&#8221; row_type=&#8221;row&#8221; use_row_as_full_screen_section=&#8221;no&#8221; type=&#8221;grid&#8221; angled_section=&#8221;no&#8221; text_align=&#8221;left&#8221; background_image_as_pattern=&#8221;without_pattern&#8221; row_negative_margin=&#8221;disable_negative_margin&#8221; css=&#8221;.vc_custom_1536828905459{margin-bottom: -12% !important;padding-top: 120px !important;}&#8221; z_index=&#8221;6&#8243;][vc_column][vc_column_text]<\/p>\n<h1 style=\"text-align: center;\"><span style=\"color: #ff0000;\">Konu\u015fmac\u0131lar<\/span><\/h1>\n<p>[\/vc_column_text][vc_empty_space height=&#8221;7px&#8221;][vc_column_text]<\/p>\n<p style=\"text-align: center;\"><span style=\"font-size: 17px; line-height: 29px;\">Bir g\u00fcn boyunca davetli 100 ki\u015fi, ilham verici konu\u015fmac\u0131lar\u0131n canl\u0131 sunumlar\u0131n\u0131, s\u0131ra d\u0131\u015f\u0131 etkinlikleri ve se\u00e7ilmi\u015f TED videolar\u0131n\u0131 izleme \u015fans\u0131 yakalayacak.<\/span><\/p>\n<p style=\"text-align: center;\"><span style=\"font-size: 17px; line-height: 29px;\"><strong>Tarih: 15 Eyl\u00fcl 2018, saat 18:00 \u2013 23:00 \/\/ <\/strong><strong>Yer: D\u00fc\u015fler Akademisi Ka\u015f Yerle\u015fkesi<\/strong><br \/>\n<\/span><\/p>\n<p>[\/vc_column_text][vc_row_inner row_type=&#8221;row&#8221; type=&#8221;full_width&#8221; text_align=&#8221;left&#8221; row_negative_margin=&#8221;disable_negative_margin&#8221; css_animation=&#8221;&#8221; css=&#8221;.vc_custom_1519825986868{padding-top: 40px !important;}&#8221;][vc_column_inner width=&#8221;1\/4&#8243; css=&#8221;.vc_custom_1519825855773{padding-right: 0px !important;padding-left: 0px !important;}&#8221;][interactive_banner_2 banner_title=&#8221;Murat \u015e\u0130n\u0130k\u00e7\u0130&#8221; banner_desc=&#8221;T\u00fcrkiye Girya Sporunun ve Do\u011fru Hareket Analizleri E\u011fitiminin Kurucusu&#8221; heading_tag=&#8221;h4&#8243; banner_image=&#8221;id^308|url^http:\/\/tedxkas.com\/wp-content\/uploads\/2018\/09\/murat-sinikci.jpg|caption^null|alt^null|title^murat-sinikci|description^null&#8221; banner_link=&#8221;url:http%3A%2F%2Ftedxkas.com%2Findex.php%2Fkonusmacilar%2F%23murat-sinikci|||&#8221; banner_style=&#8221;style13&#8243; banner_color_title=&#8221;#ff0000&#8243; banner_color_bg=&#8221;#000000&#8243; image_opacity=&#8221;1&#8243; image_opacity_on_hover=&#8221;0.5&#8243; css_ib2=&#8221;.vc_custom_1536834156419{margin-top: 0px !important;margin-right: 0px !important;margin-bottom: 0px !important;margin-left: 0px !important;padding-top: 0px !important;padding-right: 0px !important;padding-bottom: 0px !important;padding-left: 0px !important;}&#8221;][interactive_banner_2 banner_title=&#8221;\u00c7a\u011fla KaraAL\u0130&#8221; banner_desc=&#8221;M\u00fczisyen&#8221; heading_tag=&#8221;h4&#8243; banner_image=&#8221;id^334|url^http:\/\/tedxkas.com\/wp-content\/uploads\/2018\/09\/cagla-karaali.jpg|caption^null|alt^null|title^cagla-karaali|description^null&#8221; banner_link=&#8221;url:http%3A%2F%2Ftedxkas.com%2Findex.php%2Fkonusmacilar%2F%23cagla-karaali|||&#8221; banner_style=&#8221;style13&#8243; banner_color_title=&#8221;#ff0000&#8243; banner_color_bg=&#8221;#000000&#8243; image_opacity=&#8221;1&#8243; image_opacity_on_hover=&#8221;0.5&#8243; css_ib2=&#8221;.vc_custom_1536834273682{margin-top: 0px !important;margin-right: 0px !important;margin-bottom: 0px !important;margin-left: 0px !important;padding-top: 0px !important;padding-right: 0px !important;padding-bottom: 0px !important;padding-left: 0px !important;}&#8221;][\/vc_column_inner][vc_column_inner width=&#8221;1\/4&#8243; css=&#8221;.vc_custom_1519825860517{padding-right: 0px !important;padding-left: 0px !important;}&#8221;][interactive_banner_2 banner_title=&#8221;Merve Tek\u0130n&#8221; banner_desc=&#8221;Ekolojik Mimar&#8221; heading_tag=&#8221;h4&#8243; banner_image=&#8221;id^328|url^http:\/\/tedxkas.com\/wp-content\/uploads\/2018\/09\/merve-tekin.jpg|caption^null|alt^null|title^merve-tekin|description^null&#8221; banner_link=&#8221;url:http%3A%2F%2Ftedxkas.com%2Findex.php%2Fkonusmacilar%2F%23merve-tekin|||&#8221; banner_style=&#8221;style13&#8243; banner_color_title=&#8221;#ff0000&#8243; banner_color_bg=&#8221;#000000&#8243; image_opacity=&#8221;1&#8243; image_opacity_on_hover=&#8221;0.5&#8243; css_ib2=&#8221;.vc_custom_1536834224216{margin-top: 0px !important;margin-right: 0px !important;margin-bottom: 0px !important;margin-left: 0px !important;padding-top: 0px !important;padding-right: 0px !important;padding-bottom: 0px !important;padding-left: 0px !important;}&#8221;][interactive_banner_2 banner_title=&#8221;MErt EY\u0130LER&#8221; banner_desc=&#8221;Mimar&#8221; heading_tag=&#8221;h4&#8243; banner_image=&#8221;id^335|url^http:\/\/tedxkas.com\/wp-content\/uploads\/2018\/09\/mert-eyiler.jpg|caption^null|alt^null|title^mert-eyiler|description^null&#8221; banner_link=&#8221;url:http%3A%2F%2Ftedxkas.com%2Findex.php%2Fkonusmacilar%2F%23mert-eyiler|||&#8221; banner_style=&#8221;style13&#8243; banner_color_title=&#8221;#ff0000&#8243; banner_color_bg=&#8221;#000000&#8243; image_opacity=&#8221;1&#8243; image_opacity_on_hover=&#8221;0.5&#8243; css_ib2=&#8221;.vc_custom_1536834290063{margin-top: 0px !important;margin-right: 0px !important;margin-bottom: 0px !important;margin-left: 0px !important;padding-top: 0px !important;padding-right: 0px !important;padding-bottom: 0px !important;padding-left: 0px !important;}&#8221;][\/vc_column_inner][vc_column_inner width=&#8221;1\/4&#8243; css=&#8221;.vc_custom_1519825866470{padding-right: 0px !important;padding-left: 0px !important;}&#8221;][interactive_banner_2 banner_title=&#8221;AYL\u0130N ASLIM&#8221; banner_desc=&#8221;M\u00fczisyen&#8221; heading_tag=&#8221;h4&#8243; banner_image=&#8221;id^329|url^http:\/\/tedxkas.com\/wp-content\/uploads\/2018\/09\/aylin-aslim.jpg|caption^null|alt^null|title^aylin-aslim|description^null&#8221; banner_link=&#8221;url:http%3A%2F%2Ftedxkas.com%2Findex.php%2Fkonusmacilar%2F%23aylin-aslim|||&#8221; banner_style=&#8221;style13&#8243; banner_color_title=&#8221;#ff0000&#8243; banner_color_bg=&#8221;#000000&#8243; image_opacity=&#8221;1&#8243; image_opacity_on_hover=&#8221;0.5&#8243; css_ib2=&#8221;.vc_custom_1536929612351{margin-top: 0px !important;margin-right: 0px !important;margin-bottom: 0px !important;margin-left: 0px !important;padding-top: 0px !important;padding-right: 0px !important;padding-bottom: 0px !important;padding-left: 0px !important;}&#8221;][interactive_banner_2 banner_title=&#8221;Ercan Tutal&#8221; banner_desc=&#8221;Sosyal Giri\u015fimci, Ashoka Fellow&#8221; heading_tag=&#8221;h4&#8243; banner_image=&#8221;id^333|url^http:\/\/tedxkas.com\/wp-content\/uploads\/2018\/09\/ercan-tutal.jpg|caption^null|alt^null|title^ercan-tutal|description^null&#8221; banner_link=&#8221;url:http%3A%2F%2Ftedxkas.com%2Findex.php%2Fkonusmacilar%2F%23ercan-tutal|||&#8221; banner_style=&#8221;style13&#8243; banner_color_title=&#8221;#ff0000&#8243; banner_color_bg=&#8221;#000000&#8243; image_opacity=&#8221;1&#8243; image_opacity_on_hover=&#8221;0.5&#8243; css_ib2=&#8221;.vc_custom_1536834304563{margin-top: 0px !important;margin-right: 0px !important;margin-bottom: 0px !important;margin-left: 0px !important;padding-top: 0px !important;padding-right: 0px !important;padding-bottom: 0px !important;padding-left: 0px !important;}&#8221;][\/vc_column_inner][vc_column_inner width=&#8221;1\/4&#8243; css=&#8221;.vc_custom_1536794839482{padding-right: 0px !important;padding-left: 0px !important;}&#8221;][interactive_banner_2 banner_title=&#8221;\u0130rem \u00c7A\u011f\u0131l&#8221; banner_desc=&#8221;Yay\u0131nc\u0131&#8221; heading_tag=&#8221;h4&#8243; banner_image=&#8221;id^330|url^http:\/\/tedxkas.com\/wp-content\/uploads\/2018\/09\/irem-cagil.jpg|caption^null|alt^null|title^irem-cagil|description^null&#8221; banner_link=&#8221;url:http%3A%2F%2Ftedxkas.com%2Findex.php%2Fkonusmacilar%2F%23irem-cagil|||&#8221; banner_style=&#8221;style13&#8243; banner_color_title=&#8221;#ff0000&#8243; banner_color_bg=&#8221;#000000&#8243; image_opacity=&#8221;1&#8243; image_opacity_on_hover=&#8221;0.5&#8243; css_ib2=&#8221;.vc_custom_1536834257889{margin-top: 0px !important;margin-right: 0px !important;margin-bottom: 0px !important;margin-left: 0px !important;padding-top: 0px !important;padding-right: 0px !important;padding-bottom: 0px !important;padding-left: 0px !important;}&#8221;][interactive_banner_2 banner_title=&#8221;Canay Atalay&#8221; banner_desc=&#8221;\u0130novasyon tasar\u0131mc\u0131s\u0131&#8221; heading_tag=&#8221;h4&#8243; banner_image=&#8221;id^461|url^http:\/\/tedxkas.com\/wp-content\/uploads\/2018\/09\/canay-atalay.jpg|caption^null|alt^null|title^canay-atalay|description^null&#8221; banner_link=&#8221;url:http%3A%2F%2Ftedxkas.com%2Findex.php%2Fkonusmacilar%2F%23canay-atalay|||&#8221; banner_style=&#8221;style13&#8243; banner_color_title=&#8221;#ff0000&#8243; banner_color_bg=&#8221;#000000&#8243; image_opacity=&#8221;1&#8243; image_opacity_on_hover=&#8221;0.5&#8243; css_ib2=&#8221;.vc_custom_1536836297739{margin-top: 0px !important;margin-right: 0px !important;margin-bottom: 0px !important;margin-left: 0px !important;padding-top: 0px !important;padding-right: 0px !important;padding-bottom: 0px !important;padding-left: 0px !important;}&#8221;][\/vc_column_inner][\/vc_row_inner][\/vc_column][\/vc_row][vc_row css_animation=&#8221;&#8221; row_type=&#8221;row&#8221; use_row_as_full_screen_section=&#8221;no&#8221; type=&#8221;full_width&#8221; angled_section=&#8221;no&#8221; text_align=&#8221;left&#8221; background_image_as_pattern=&#8221;without_pattern&#8221; z_index=&#8221;5&#8243; css=&#8221;.vc_custom_1536935209605{background-color: #000000 !important;}&#8221;][vc_column][vc_row_inner row_type=&#8221;row&#8221; use_as_box=&#8221;use_row_as_box&#8221; type=&#8221;grid&#8221; text_align=&#8221;left&#8221; css_animation=&#8221;&#8221; css=&#8221;.vc_custom_1536835224620{padding-top: 100px !important;padding-bottom: 20px !important;}&#8221;][vc_column_inner offset=&#8221;vc_col-lg-4 vc_col-md-12&#8243;][qode_elements_holder number_of_columns=&#8221;one_column&#8221;][qode_elements_holder_item item_padding=&#8221;0 54px 0 0px&#8221; advanced_animations=&#8221;no&#8221;][vc_column_text]<\/p>\n<h5><span style=\"color: #ff0000;\">15 Eyl\u00fcl 2018 Cumartesi<\/span><\/h5>\n<p>[\/vc_column_text][vc_empty_space height=&#8221;1px&#8221; css=&#8221;.vc_custom_1519827702694{margin-top: -10px !important;}&#8221;][vc_column_text]<\/p>\n<h2><span style=\"color: #ffffff;\">G\u00dcN\u00dcN PROGRAMI<\/span><\/h2>\n<p>[\/vc_column_text][vc_separator type=&#8221;normal&#8221; color=&#8221;#ff0000&#8243; thickness=&#8221;1&#8243;][\/qode_elements_holder_item][\/qode_elements_holder][\/vc_column_inner][vc_column_inner offset=&#8221;vc_col-lg-4 vc_col-md-12&#8243;][qode_elements_holder number_of_columns=&#8221;one_column&#8221;][qode_elements_holder_item item_padding=&#8221;0 54px 0 0px&#8221; advanced_animations=&#8221;no&#8221; item_padding_768_1024=&#8221;50px 54px 0 0px&#8221; item_padding_480=&#8221;50px 54px 0 0px&#8221;][vc_column_text]<\/p>\n<h5><span style=\"color: #ff0000;\">Etkinlik Saati<\/span><\/h5>\n<p>[\/vc_column_text][vc_empty_space height=&#8221;1px&#8221; css=&#8221;.vc_custom_1519827702694{margin-top: -10px !important;}&#8221;][vc_column_text]<\/p>\n<h2><span style=\"color: #ffffff;\">18:00-23:00<\/span><\/h2>\n<p>[\/vc_column_text][vc_separator type=&#8221;normal&#8221; color=&#8221;#ff0000&#8243; thickness=&#8221;1&#8243;][\/qode_elements_holder_item][\/qode_elements_holder][\/vc_column_inner][vc_column_inner offset=&#8221;vc_col-lg-4 vc_col-md-12&#8243;][qode_elements_holder number_of_columns=&#8221;one_column&#8221;][qode_elements_holder_item item_padding=&#8221;0 54px 0 0px&#8221; advanced_animations=&#8221;no&#8221; item_padding_768_1024=&#8221;50px 54px 0 0px&#8221; item_padding_480=&#8221;50px 54px 0 0px&#8221;][vc_column_text]<\/p>\n<h5><span style=\"color: #ff0000;\">Etkinlik Yeri<\/span><\/h5>\n<p>[\/vc_column_text][vc_empty_space height=&#8221;1px&#8221; css=&#8221;.vc_custom_1519827702694{margin-top: -10px !important;}&#8221;][vc_column_text]<\/p>\n<h2><span style=\"color: #ffffff;\">D\u00fc\u015fler Akademisi Ka\u015f<\/span><\/h2>\n<p>[\/vc_column_text][vc_separator type=&#8221;normal&#8221; color=&#8221;#ff0000&#8243; thickness=&#8221;1&#8243;][\/qode_elements_holder_item][\/qode_elements_holder][\/vc_column_inner][\/vc_row_inner][vc_row_inner row_type=&#8221;row&#8221; type=&#8221;grid&#8221; text_align=&#8221;left&#8221; css_animation=&#8221;&#8221; css=&#8221;.vc_custom_1536851714576{padding-top: 20px !important;padding-bottom: 190px !important;}&#8221;][vc_column_inner offset=&#8221;vc_col-lg-4 vc_col-md-12&#8243;][qode_elements_holder number_of_columns=&#8221;one_column&#8221;][qode_elements_holder_item item_padding=&#8221;0 54px 0 0px&#8221; advanced_animations=&#8221;no&#8221;][vc_column_text]<\/p>\n<h5><span style=\"color: #ff0000;\">17:00<br \/>\n<\/span><\/h5>\n<p>[\/vc_column_text][vc_empty_space height=&#8221;1px&#8221; css=&#8221;.vc_custom_1519827702694{margin-top: -10px !important;}&#8221;][vc_column_text]<span style=\"color: #ffffff;\">Kap\u0131 A\u00e7\u0131l\u0131\u015f<\/span>[\/vc_column_text][vc_empty_space height=&#8221;12px&#8221;][vc_column_text]<\/p>\n<h5><span style=\"color: #ff0000;\">17:30 &#8211; 18:15<\/span><\/h5>\n<p>[\/vc_column_text][vc_empty_space height=&#8221;1px&#8221; css=&#8221;.vc_custom_1519827702694{margin-top: -10px !important;}&#8221;][vc_column_text]<span style=\"color: #ffffff;\">Tematik Videolar<\/span>[\/vc_column_text][vc_empty_space height=&#8221;12px&#8221;][vc_column_text]<\/p>\n<h5><span style=\"color: #ff0000;\">18:15 &#8211; 18:25<\/span><\/h5>\n<p>[\/vc_column_text][vc_empty_space height=&#8221;1px&#8221; css=&#8221;.vc_custom_1519827702694{margin-top: -10px !important;}&#8221;][vc_column_text]<span style=\"color: #ffffff;\">A\u00c7ILI\u015e konu\u015fmas\u0131<\/span><br \/>\n<span style=\"color: #ffffff;\">(Moderasyon: Dize Kandu)<\/span>[\/vc_column_text][\/qode_elements_holder_item][\/qode_elements_holder][\/vc_column_inner][vc_column_inner offset=&#8221;vc_col-lg-4 vc_col-md-12&#8243;][qode_elements_holder number_of_columns=&#8221;one_column&#8221;][qode_elements_holder_item item_padding=&#8221;0 54px 0 0px&#8221; advanced_animations=&#8221;no&#8221; item_padding_768_1024=&#8221;50px 54px 0 0px&#8221; item_padding_480=&#8221;50px 54px 0 0px&#8221;][vc_column_text]<\/p>\n<h5><span style=\"color: #ffffff;\">B\u00f6l\u00fcm 1 \/ ESCAPE &#8211; KA\u00c7I\u015e<\/span><\/h5>\n<p>[\/vc_column_text][vc_empty_space height=&#8221;24px&#8221;][vc_column_text]<\/p>\n<h5><span style=\"color: #ff0000;\">18:25 &#8211; 18:45<\/span><\/h5>\n<p>[\/vc_column_text][vc_empty_space height=&#8221;1px&#8221; css=&#8221;.vc_custom_1519827702694{margin-top: -10px !important;}&#8221;][vc_column_text]<span style=\"color: #ffffff;\">Murat \u015einik\u00e7i<\/span><br \/>\n<span style=\"color: #ffffff;\">Ruhubir Olmak, Hareket ve \u0130leti\u015fimin Ba\u015flang\u0131c\u0131<\/span>[\/vc_column_text][vc_empty_space height=&#8221;12px&#8221;][vc_column_text]<\/p>\n<h5><span style=\"color: #ff0000;\">18:45 &#8211; 19:05<\/span><\/h5>\n<p>[\/vc_column_text][vc_empty_space height=&#8221;1px&#8221; css=&#8221;.vc_custom_1519827702694{margin-top: -10px !important;}&#8221;][vc_column_text]<span style=\"color: #ffffff;\">Canay Atalay<\/span><br \/>\n<span style=\"color: #ffffff;\">Gelece\u011fe haz\u0131r olmak m\u0131 istiyorsunuz? \u00c7ocuklar\u0131 takip edin<\/span>[\/vc_column_text][vc_empty_space height=&#8221;12px&#8221;][vc_column_text]<\/p>\n<h5><span style=\"color: #ff0000;\">19:05 &#8211; 19:25<\/span><\/h5>\n<p>[\/vc_column_text][vc_empty_space height=&#8221;1px&#8221; css=&#8221;.vc_custom_1519827702694{margin-top: -10px !important;}&#8221;][vc_column_text]<span style=\"color: #ffffff;\">Tematik Videolar<\/span>[\/vc_column_text][vc_empty_space height=&#8221;12px&#8221;][vc_column_text]<\/p>\n<h5><span style=\"color: #ff0000;\">19:25 &#8211; 19:45<\/span><\/h5>\n<p>[\/vc_column_text][vc_empty_space height=&#8221;1px&#8221; css=&#8221;.vc_custom_1519827702694{margin-top: -10px !important;}&#8221;][vc_column_text]<span style=\"color: #ffffff;\">Aylin Asl\u0131m<\/span><br \/>\n<span style=\"color: #ffffff;\">M\u00fczikle Kalmak \u0130\u00e7in Zorunlu G\u00f6\u00e7<\/span>[\/vc_column_text][vc_empty_space height=&#8221;12px&#8221;][vc_column_text]<\/p>\n<h5><span style=\"color: #ff0000;\">19:45 &#8211; 20:05<\/span><\/h5>\n<p>[\/vc_column_text][vc_empty_space height=&#8221;1px&#8221; css=&#8221;.vc_custom_1519827702694{margin-top: -10px !important;}&#8221;][vc_column_text]<span style=\"color: #ffffff;\">\u0130rem \u00c7a\u011f\u0131l<\/span><br \/>\n<span style=\"color: #ffffff;\">K\u00fcresel K\u00f6yde Evsizlik, T\u00fcrkiye&#8217;de Yeni K\u00f6yl\u00fcl\u00fck<\/span>[\/vc_column_text][vc_empty_space height=&#8221;12px&#8221;][vc_column_text]<\/p>\n<h5><span style=\"color: #ff0000;\">20:10 &#8211; 20:40<\/span><\/h5>\n<p>[\/vc_column_text][vc_empty_space height=&#8221;1px&#8221; css=&#8221;.vc_custom_1519827702694{margin-top: -10px !important;}&#8221;][vc_column_text]<span style=\"color: #ffffff;\">ARA \/ \u0130KRAMLAR<\/span><br \/>\n<span style=\"color: #ffffff;\">\u00c7ay, kahve, kurabiye<\/span>[\/vc_column_text][\/qode_elements_holder_item][\/qode_elements_holder][\/vc_column_inner][vc_column_inner offset=&#8221;vc_col-lg-4 vc_col-md-12&#8243;][qode_elements_holder number_of_columns=&#8221;one_column&#8221;][qode_elements_holder_item item_padding=&#8221;0 54px 0 0px&#8221; advanced_animations=&#8221;no&#8221; item_padding_768_1024=&#8221;50px 54px 0 0px&#8221; item_padding_480=&#8221;50px 54px 0 0px&#8221;][vc_column_text]<\/p>\n<h5><span style=\"color: #ffffff;\">B\u00f6l\u00fcm 2 \/ THE FUTURE &#8211; GELECEK<\/span><\/h5>\n<p>[\/vc_column_text][vc_empty_space height=&#8221;24px&#8221;][vc_column_text]<\/p>\n<h5><span style=\"color: #ff0000;\">20:40 &#8211; 21:00<\/span><\/h5>\n<p>[\/vc_column_text][vc_empty_space height=&#8221;1px&#8221; css=&#8221;.vc_custom_1519827702694{margin-top: -10px !important;}&#8221;][vc_column_text]<span style=\"color: #ffffff;\">Merve Tekin<\/span><br \/>\n<span style=\"color: #ffffff;\">Topra\u011fa D\u00f6nmenin \u0130\u00e7 Sesi, Oba Ruhunu Aray\u0131\u015f<\/span>[\/vc_column_text][vc_empty_space height=&#8221;12px&#8221;][vc_column_text]<\/p>\n<h5><span style=\"color: #ff0000;\">21:00 &#8211; 21:15<\/span><\/h5>\n<p>[\/vc_column_text][vc_empty_space height=&#8221;1px&#8221; css=&#8221;.vc_custom_1519827702694{margin-top: -10px !important;}&#8221;][vc_column_text]<span style=\"color: #ffffff;\">\u00c7a\u011fla Karaali<\/span><br \/>\n<span style=\"color: #ffffff;\">\u00d6\u011frenmek \u0130\u00e7in Okulu B\u0131rakt\u0131m<\/span>[\/vc_column_text][vc_empty_space height=&#8221;12px&#8221;][vc_column_text]<\/p>\n<h5><span style=\"color: #ff0000;\">21:15 &#8211; 21:35<\/span><\/h5>\n<p>[\/vc_column_text][vc_empty_space height=&#8221;1px&#8221; css=&#8221;.vc_custom_1519827702694{margin-top: -10px !important;}&#8221;][vc_column_text]<span style=\"color: #ffffff;\">Mert Eyiler<\/span><br \/>\n<span style=\"color: #ffffff;\">Gelecek Bize Gelmez, Biz Ona Geliriz<\/span>[\/vc_column_text][vc_empty_space height=&#8221;12px&#8221;][vc_column_text]<\/p>\n<h5><span style=\"color: #ff0000;\">21:40 &#8211; 22:00<\/span><\/h5>\n<p>[\/vc_column_text][vc_empty_space height=&#8221;1px&#8221; css=&#8221;.vc_custom_1519827702694{margin-top: -10px !important;}&#8221;][vc_column_text]<span style=\"color: #ffffff;\">Ercan Tutal<\/span><br \/>\n<span style=\"color: #ffffff;\">Denize Ula\u015fabilen Carettalar<\/span>[\/vc_column_text][vc_empty_space height=&#8221;12px&#8221;][vc_column_text]<\/p>\n<h5><span style=\"color: #ff0000;\">22:00 &#8211; 22:20<\/span><\/h5>\n<p>[\/vc_column_text][vc_empty_space height=&#8221;1px&#8221; css=&#8221;.vc_custom_1519827702694{margin-top: -10px !important;}&#8221;][vc_column_text]<span style=\"color: #ffffff;\">Social Inclusion Band<\/span><br \/>\n<span style=\"color: #ffffff;\">Dinleti<\/span>[\/vc_column_text][vc_empty_space height=&#8221;12px&#8221;][vc_column_text]<\/p>\n<h5><span style=\"color: #ff0000;\">22:20 &#8211; 22:30<\/span><\/h5>\n<p>[\/vc_column_text][vc_empty_space height=&#8221;1px&#8221; css=&#8221;.vc_custom_1519827702694{margin-top: -10px !important;}&#8221;][vc_column_text]<span style=\"color: #ffffff;\">F\u0130NAL Konu\u015fmas\u0131<\/span>[\/vc_column_text][\/qode_elements_holder_item][\/qode_elements_holder][\/vc_column_inner][\/vc_row_inner][\/vc_column][\/vc_row]<\/p>\n<\/section>","protected":false},"excerpt":{"rendered":"<p>[vc_row css_animation=&#8221;&#8221; row_type=&#8221;row&#8221; use_row_as_full_screen_section=&#8221;no&#8221; type=&#8221;full_width&#8221; angled_section=&#8221;no&#8221; text_align=&#8221;left&#8221; background_image_as_pattern=&#8221;without_pattern&#8221;][vc_column][rev_slider_vc alias=&#8221;home1&#8243;][\/vc_column][\/vc_row][vc_row css_animation=&#8221;&#8221; row_type=&#8221;row&#8221; use_row_as_full_screen_section=&#8221;no&#8221; type=&#8221;grid&#8221; angled_section=&#8221;no&#8221; text_align=&#8221;left&#8221; background_image_as_pattern=&#8221;without_pattern&#8221; z_index=&#8221;&#8221;][vc_column css=&#8221;.vc_custom_1536796138323{margin-top: -15% !important;}&#8221;][qode_elements_holder number_of_columns=&#8221;one_column&#8221;][qode_elements_holder_item background_color=&#8221;#ff0000&#8243; item_padding=&#8221;75px 0 75px 0&#8243; advanced_animations=&#8221;no&#8221; item_padding_768_1024=&#8221;40px 0 40px 0&#8243;][countdown year=&#8221;2018&#8243; month=&#8221;9&#8243; day=&#8221;15&#8243; hour=&#8221;18&#8243; minute=&#8221;0&#8243; show_separator=&#8221;hide_separator&#8221; color=&#8221;#ffffff&#8221; digit_font_size=&#8221;80&#8243; label_font_size=&#8221;20&#8243;][\/qode_elements_holder_item][\/qode_elements_holder][\/vc_column][\/vc_row][vc_row css_animation=&#8221;&#8221; row_type=&#8221;row&#8221; use_row_as_full_screen_section=&#8221;no&#8221; type=&#8221;grid&#8221; angled_section=&#8221;no&#8221;&#8230;<\/p>\n","protected":false},"author":1,"featured_media":0,"parent":0,"menu_order":0,"comment_status":"closed","ping_status":"closed","template":"full_width.php","meta":{"content-type":"","footnotes":""},"_links":{"self":[{"href":"http:\/\/tedxkas.com\/index.php\/wp-json\/wp\/v2\/pages\/230"}],"collection":[{"href":"http:\/\/tedxkas.com\/index.php\/wp-json\/wp\/v2\/pages"}],"about":[{"href":"http:\/\/tedxkas.com\/index.php\/wp-json\/wp\/v2\/types\/page"}],"author":[{"embeddable":true,"href":"http:\/\/tedxkas.com\/index.php\/wp-json\/wp\/v2\/users\/1"}],"replies":[{"embeddable":true,"href":"http:\/\/tedxkas.com\/index.php\/wp-json\/wp\/v2\/comments?post=230"}],"version-history":[{"count":99,"href":"http:\/\/tedxkas.com\/index.php\/wp-json\/wp\/v2\/pages\/230\/revisions"}],"predecessor-version":[{"id":299,"href":"http:\/\/tedxkas.com\/index.php\/wp-json\/wp\/v2\/pages\/230\/revisions\/299"}],"wp:attachment":[{"href":"http:\/\/tedxkas.com\/index.php\/wp-json\/wp\/v2\/media?parent=230"}],"curies":[{"name":"wp","href":"https:\/\/api.w.org\/{rel}","templated":true}]}}