{"id":222,"date":"2018-03-01T14:00:18","date_gmt":"2018-03-01T14:00:18","guid":{"rendered":"http:\/\/bridge168.qodeinteractive.com\/?page_id=222"},"modified":"2018-09-16T10:56:26","modified_gmt":"2018-09-16T07:56:26","slug":"tema","status":"publish","type":"page","link":"http:\/\/tedxkas.com\/index.php\/tema\/","title":{"rendered":"Tema"},"content":{"rendered":"<section class=\"wpb-content-wrapper\"><p>[vc_row css_animation=&#8221;&#8221; row_type=&#8221;row&#8221; use_row_as_full_screen_section=&#8221;no&#8221; type=&#8221;grid&#8221; angled_section=&#8221;no&#8221; text_align=&#8221;left&#8221; background_image_as_pattern=&#8221;without_pattern&#8221; bg_type=&#8221;bg_color&#8221; z_index=&#8221;&#8221; css=&#8221;.vc_custom_1536837907844{padding-top: 60px !important;padding-bottom: 60px !important;}&#8221; bg_color_value=&#8221;#000000&#8243;][vc_column width=&#8221;1\/12&#8243;][\/vc_column][vc_column width=&#8221;5\/12&#8243;][vc_single_image image=&#8221;472&#8243; img_size=&#8221;full&#8221; qode_css_animation=&#8221;&#8221;][\/vc_column][vc_column width=&#8221;5\/12&#8243;][vc_column_text]<\/p>\n<p style=\"text-align: center;\"><span style=\"color: #ffffff;\">\u015eehirler bir yandan doluyor, geli\u015fiyor, b\u00fcy\u00fcyor ve b\u00fcy\u00fcyor\u2026 S\u00fcrekli geni\u015fleme halindeki kentler, devasa t\u00fcketim kitlelerine ev sahipli\u011fi\u00a0 yaparken g\u00f6zden ka\u00e7an detay ise i\u00e7selle\u015ftirilemeyen \u00abhayatlar\u00bb oluyor.<\/span><\/p>\n<p>&nbsp;<\/p>\n<p style=\"text-align: center;\"><span style=\"color: #ffffff;\">Her t\u00fcrl\u00fc sistem t\u0131kan\u0131kl\u0131\u011f\u0131n s\u0131k\u00e7a sorguland\u0131\u011f\u0131 g\u00fcn\u00fcm\u00fczde, yenilik\u00e7i yarat\u0131c\u0131 \u00e7\u00f6z\u00fcmlerin ve teknolojinin ba\u015f d\u00f6nd\u00fcren de\u011fi\u015fimi kar\u015f\u0131s\u0131nda birey de gard\u0131n\u0131 al\u0131yor. Baz\u0131lar\u0131 uyum sa\u011fl\u0131yor baz\u0131lar\u0131 <b>hayat\u0131n\u0131 yeni ba\u015ftan tasarlamak i\u00e7in gelece\u011fine ka\u00e7\u0131yor <\/b>!<\/span><\/p>\n<p>&nbsp;<\/p>\n<p style=\"text-align: center;\"><span style=\"color: #ffffff;\">Ka\u00e7mak m\u0131 alternatifini yaratmak m\u0131 ?<\/span><\/p>\n<p>&nbsp;<\/p>\n<p style=\"text-align: center;\"><span style=\"color: #ffffff;\">Yeni hayatlar kurmak, gelece\u011fini \u015fekillendirmek i\u00e7in harekete ge\u00e7enlerin ilham verici hikayeleri ve deneyimleri TEDxKa\u015f 2018\u2019de olacak.<\/span><\/p>\n<p>&nbsp;<\/p>\n<p style=\"text-align: center;\"><strong><span style=\"color: #ff0000;\">Ka\u00e7\u0131n gelin !<\/span><\/strong><\/p>\n<p>[\/vc_column_text][\/vc_column][vc_column width=&#8221;1\/12&#8243;][\/vc_column][\/vc_row]<\/p>\n<\/section>","protected":false},"excerpt":{"rendered":"<p>[vc_row css_animation=&#8221;&#8221; row_type=&#8221;row&#8221; use_row_as_full_screen_section=&#8221;no&#8221; type=&#8221;grid&#8221; angled_section=&#8221;no&#8221; text_align=&#8221;left&#8221; background_image_as_pattern=&#8221;without_pattern&#8221; bg_type=&#8221;bg_color&#8221; z_index=&#8221;&#8221; css=&#8221;.vc_custom_1536837907844{padding-top: 60px !important;padding-bottom: 60px !important;}&#8221; bg_color_value=&#8221;#000000&#8243;][vc_column width=&#8221;1\/12&#8243;][\/vc_column][vc_column width=&#8221;5\/12&#8243;][vc_single_image image=&#8221;472&#8243; img_size=&#8221;full&#8221; qode_css_animation=&#8221;&#8221;][\/vc_column][vc_column width=&#8221;5\/12&#8243;][vc_column_text] \u015eehirler bir yandan doluyor, geli\u015fiyor, b\u00fcy\u00fcyor ve b\u00fcy\u00fcyor\u2026 S\u00fcrekli geni\u015fleme halindeki kentler, devasa t\u00fcketim kitlelerine ev sahipli\u011fi\u00a0 yaparken g\u00f6zden ka\u00e7an detay ise i\u00e7selle\u015ftirilemeyen&#8230;<\/p>\n","protected":false},"author":1,"featured_media":0,"parent":0,"menu_order":0,"comment_status":"closed","ping_status":"closed","template":"full_width.php","meta":{"content-type":"","footnotes":""},"_links":{"self":[{"href":"http:\/\/tedxkas.com\/index.php\/wp-json\/wp\/v2\/pages\/222"}],"collection":[{"href":"http:\/\/tedxkas.com\/index.php\/wp-json\/wp\/v2\/pages"}],"about":[{"href":"http:\/\/tedxkas.com\/index.php\/wp-json\/wp\/v2\/types\/page"}],"author":[{"embeddable":true,"href":"http:\/\/tedxkas.com\/index.php\/wp-json\/wp\/v2\/users\/1"}],"replies":[{"embeddable":true,"href":"http:\/\/tedxkas.com\/index.php\/wp-json\/wp\/v2\/comments?post=222"}],"version-history":[{"count":4,"href":"http:\/\/tedxkas.com\/index.php\/wp-json\/wp\/v2\/pages\/222\/revisions"}],"predecessor-version":[{"id":528,"href":"http:\/\/tedxkas.com\/index.php\/wp-json\/wp\/v2\/pages\/222\/revisions\/528"}],"wp:attachment":[{"href":"http:\/\/tedxkas.com\/index.php\/wp-json\/wp\/v2\/media?parent=222"}],"curies":[{"name":"wp","href":"https:\/\/api.w.org\/{rel}","templated":true}]}}