{"id":2,"date":"2018-03-15T20:26:25","date_gmt":"2018-03-15T17:26:25","guid":{"rendered":"http:\/\/tedxkas.com\/?page_id=2"},"modified":"2018-09-16T10:54:51","modified_gmt":"2018-09-16T07:54:51","slug":"tedtedx","status":"publish","type":"page","link":"http:\/\/tedxkas.com\/index.php\/tedtedx\/","title":{"rendered":"TED&#038;TEDx"},"content":{"rendered":"<section class=\"wpb-content-wrapper\"><p>[vc_row css_animation=&#8221;&#8221; row_type=&#8221;row&#8221; use_row_as_full_screen_section=&#8221;no&#8221; type=&#8221;grid&#8221; angled_section=&#8221;no&#8221; text_align=&#8221;left&#8221; background_image_as_pattern=&#8221;without_pattern&#8221; css=&#8221;.vc_custom_1536839294344{padding-top: 40px !important;padding-bottom: 60px !important;}&#8221; z_index=&#8221;&#8221;][vc_column width=&#8221;1\/2&#8243;][vc_single_image image=&#8221;478&#8243; img_size=&#8221;500&#215;500&#8243; style=&#8221;vc_box_circle_2&#8243; qode_css_animation=&#8221;&#8221;][\/vc_column][vc_column width=&#8221;1\/2&#8243;][vc_empty_space height=&#8221;40px&#8221;][vc_column_text]<\/p>\n<p style=\"text-align: center;\">Technology, Entertainment ve Design s\u00f6zc\u00fcklerinin ba\u015f harflerinden olu\u015fan TED \u201cideas worth spreading\u201d slogan\u0131yla yola \u00e7\u0131kan ve kar amac\u0131 g\u00fctmeyen bir organizasyondur. 30 senelik bir ge\u00e7mi\u015fi olan ve konu\u015fmalar\u0131n 18 dakikayla s\u0131n\u0131rl\u0131 oldu\u011fu TED konferanslar\u0131nda bug\u00fcne kadar y\u00fczlerce konu\u015fmac\u0131\/d\u00fc\u015f\u00fcn\u00fcr\/bilim insan\u0131 yer ald\u0131. Fikirlerini\u00a0 olabildi\u011fince yayma do\u011frultusunda TED videolar\u0131\u00a0 g\u00f6n\u00fcll\u00fcler taraf\u0131ndan 100&#8217;\u00fcn \u00fczerinde dile\u00a0 terc\u00fcme edilerek TED&#8217;in kendi internet sitesindeki ar\u015fivinde ve TEDTalks YouTube kanal\u0131 \u00fczerinden yay\u0131nlanmaktad\u0131r.<\/p>\n<p>&nbsp;<\/p>\n<p style=\"text-align: center;\">TEDx, \u00abpayla\u015fmaya de\u011fer fikirler\u00bb slogan\u0131n\u0131n ruhuyla, TED benzeri bir deneyimi yerel ve ba\u011f\u0131ms\u0131z olarak ger\u00e7ekle\u015ftirmek amac\u0131yla d\u00fczenlenen bir etkinliktir. TEDx etkinlikleri k\u00fc\u00e7\u00fck topluluklara TEDTalks videolar\u0131n\u0131 ve canl\u0131 konu\u015fmalar\u0131 bir arada izleme ve tart\u0131\u015fma imkan\u0131 verir. TED Konferanslar\u0131 TEDx etkinliklerine birer rehber olmakla birlikte TEDx etkinlikleri ba\u011f\u0131ms\u0131z organizat\u00f6rlerin giri\u015fimiyle TEDx lisans\u0131 alt\u0131nda ger\u00e7ekle\u015ftirilir.<\/p>\n<p>&nbsp;<\/p>\n<p style=\"text-align: center;\"><a href=\"http:\/\/www.ted.com\" target=\"_blank\" rel=\"noopener\">www.ted.com<\/a><\/p>\n<p>[\/vc_column_text][\/vc_column][\/vc_row]<\/p>\n<\/section>","protected":false},"excerpt":{"rendered":"<p>[vc_row css_animation=&#8221;&#8221; row_type=&#8221;row&#8221; use_row_as_full_screen_section=&#8221;no&#8221; type=&#8221;grid&#8221; angled_section=&#8221;no&#8221; text_align=&#8221;left&#8221; background_image_as_pattern=&#8221;without_pattern&#8221; css=&#8221;.vc_custom_1536839294344{padding-top: 40px !important;padding-bottom: 60px !important;}&#8221; z_index=&#8221;&#8221;][vc_column width=&#8221;1\/2&#8243;][vc_single_image image=&#8221;478&#8243; img_size=&#8221;500&#215;500&#8243; style=&#8221;vc_box_circle_2&#8243; qode_css_animation=&#8221;&#8221;][\/vc_column][vc_column width=&#8221;1\/2&#8243;][vc_empty_space height=&#8221;40px&#8221;][vc_column_text] Technology, Entertainment ve Design s\u00f6zc\u00fcklerinin ba\u015f harflerinden olu\u015fan TED \u201cideas worth spreading\u201d slogan\u0131yla yola \u00e7\u0131kan ve kar amac\u0131 g\u00fctmeyen bir organizasyondur. 30 senelik bir&#8230;<\/p>\n","protected":false},"author":1,"featured_media":0,"parent":0,"menu_order":0,"comment_status":"closed","ping_status":"open","template":"","meta":{"content-type":"","footnotes":""},"_links":{"self":[{"href":"http:\/\/tedxkas.com\/index.php\/wp-json\/wp\/v2\/pages\/2"}],"collection":[{"href":"http:\/\/tedxkas.com\/index.php\/wp-json\/wp\/v2\/pages"}],"about":[{"href":"http:\/\/tedxkas.com\/index.php\/wp-json\/wp\/v2\/types\/page"}],"author":[{"embeddable":true,"href":"http:\/\/tedxkas.com\/index.php\/wp-json\/wp\/v2\/users\/1"}],"replies":[{"embeddable":true,"href":"http:\/\/tedxkas.com\/index.php\/wp-json\/wp\/v2\/comments?post=2"}],"version-history":[{"count":8,"href":"http:\/\/tedxkas.com\/index.php\/wp-json\/wp\/v2\/pages\/2\/revisions"}],"predecessor-version":[{"id":485,"href":"http:\/\/tedxkas.com\/index.php\/wp-json\/wp\/v2\/pages\/2\/revisions\/485"}],"wp:attachment":[{"href":"http:\/\/tedxkas.com\/index.php\/wp-json\/wp\/v2\/media?parent=2"}],"curies":[{"name":"wp","href":"https:\/\/api.w.org\/{rel}","templated":true}]}}