{"id":184,"date":"2018-03-01T12:00:22","date_gmt":"2018-03-01T12:00:22","guid":{"rendered":"http:\/\/bridge168.qodeinteractive.com\/?page_id=184"},"modified":"2018-09-16T10:53:25","modified_gmt":"2018-09-16T07:53:25","slug":"iletisim","status":"publish","type":"page","link":"http:\/\/tedxkas.com\/index.php\/iletisim\/","title":{"rendered":"\u0130leti\u015fim"},"content":{"rendered":"<section class=\"wpb-content-wrapper\"><p>[vc_row css_animation=&#8221;&#8221; row_type=&#8221;row&#8221; use_row_as_full_screen_section=&#8221;no&#8221; type=&#8221;grid&#8221; angled_section=&#8221;no&#8221; text_align=&#8221;left&#8221; background_image_as_pattern=&#8221;without_pattern&#8221; z_index=&#8221;&#8221; css=&#8221;.vc_custom_1519912633929{padding-top: 100px !important;}&#8221;][vc_column offset=&#8221;vc_col-lg-6 vc_col-md-12&#8243;][qode_elements_holder number_of_columns=&#8221;one_column&#8221;][qode_elements_holder_item item_padding=&#8221;0 30px 0 0&#8243; advanced_animations=&#8221;no&#8221;]\n<div class=\"wpcf7 no-js\" id=\"wpcf7-f27-o1\" lang=\"tr-TR\" dir=\"ltr\">\n<div class=\"screen-reader-response\"><p role=\"status\" aria-live=\"polite\" aria-atomic=\"true\"><\/p> <ul><\/ul><\/div>\n<form action=\"\/index.php\/wp-json\/wp\/v2\/pages\/184#wpcf7-f27-o1\" method=\"post\" class=\"wpcf7-form init cf7_custom_style_1\" aria-label=\"Contact form\" novalidate=\"novalidate\" data-status=\"init\">\n<div style=\"display: none;\">\n<input type=\"hidden\" name=\"_wpcf7\" value=\"27\" \/>\n<input type=\"hidden\" name=\"_wpcf7_version\" value=\"5.8.2\" \/>\n<input type=\"hidden\" name=\"_wpcf7_locale\" value=\"tr_TR\" \/>\n<input type=\"hidden\" name=\"_wpcf7_unit_tag\" value=\"wpcf7-f27-o1\" \/>\n<input type=\"hidden\" name=\"_wpcf7_container_post\" value=\"0\" \/>\n<input type=\"hidden\" name=\"_wpcf7_posted_data_hash\" value=\"\" \/>\n<\/div>\n<label> Your Name (required)\n    <span class=\"wpcf7-form-control-wrap\" data-name=\"your-name\"><input size=\"40\" class=\"wpcf7-form-control wpcf7-text wpcf7-validates-as-required\" aria-required=\"true\" aria-invalid=\"false\" value=\"\" type=\"text\" name=\"your-name\" \/><\/span> <\/label>\n\n<label> Your Email (required)\n    <span class=\"wpcf7-form-control-wrap\" data-name=\"your-email\"><input size=\"40\" class=\"wpcf7-form-control wpcf7-email wpcf7-validates-as-required wpcf7-text wpcf7-validates-as-email\" aria-required=\"true\" aria-invalid=\"false\" value=\"\" type=\"email\" name=\"your-email\" \/><\/span> <\/label>\n\n<label> Subject\n    <span class=\"wpcf7-form-control-wrap\" data-name=\"your-subject\"><input size=\"40\" class=\"wpcf7-form-control wpcf7-text\" aria-invalid=\"false\" value=\"\" type=\"text\" name=\"your-subject\" \/><\/span> <\/label>\n\n<label> Your Message\n    <span class=\"wpcf7-form-control-wrap\" data-name=\"your-message\"><textarea cols=\"40\" rows=\"10\" class=\"wpcf7-form-control wpcf7-textarea\" aria-invalid=\"false\" name=\"your-message\"><\/textarea><\/span> <\/label>\n\n<input class=\"wpcf7-form-control wpcf7-submit has-spinner\" type=\"submit\" value=\"Send\" \/><p style=\"display: none !important;\"><label>&#916;<textarea name=\"_wpcf7_ak_hp_textarea\" cols=\"45\" rows=\"8\" maxlength=\"100\"><\/textarea><\/label><input type=\"hidden\" id=\"ak_js_1\" name=\"_wpcf7_ak_js\" value=\"7\"\/><script>document.getElementById( \"ak_js_1\" ).setAttribute( \"value\", ( new Date() ).getTime() );<\/script><\/p><div class=\"wpcf7-response-output\" aria-hidden=\"true\"><\/div>\n<\/form>\n<\/div>\n[\/qode_elements_holder_item][\/qode_elements_holder][vc_empty_space height=&#8221;40px&#8221;][\/vc_column][vc_column offset=&#8221;vc_col-lg-6 vc_col-md-12&#8243;][qode_elements_holder number_of_columns=&#8221;one_column&#8221;][qode_elements_holder_item item_padding=&#8221;20px 0 0 0&#8243; advanced_animations=&#8221;no&#8221;][vc_column_text]<\/p>\n<h2><span style=\"color: #000000;\">Bizimle ileti\u015fime ge\u00e7in.<\/span><\/h2>\n<p>[\/vc_column_text][vc_empty_space height=&#8221;17px&#8221;][vc_column_text]<span style=\"font-size: 15px; line-height: 26px;\">Etkinlik ile ilgili her t\u00fcrl\u00fc sorular\u0131n\u0131z i\u00e7in, bizimle ileti\u015fime ge\u00e7ebilirsiniz.<br \/>\n<\/span>[\/vc_column_text][vc_empty_space height=&#8221;34px&#8221;][icon_list_item icon_pack=&#8221;dripicons&#8221; dripicon=&#8221;dripicons-message&#8221; icon_type=&#8221;transparent&#8221; title_font_weight=&#8221;700&#8243; icon_size=&#8221;22&#8243; icon_color=&#8221;#000000&#8243; title=&#8221;alper.akca@outlook.com&#8221; title_color=&#8221;#000000&#8243; title_size=&#8221;14&#8243;][\/qode_elements_holder_item][\/qode_elements_holder][vc_empty_space height=&#8221;40px&#8221;][\/vc_column][\/vc_row][vc_row css_animation=&#8221;&#8221; row_type=&#8221;row&#8221; use_row_as_full_screen_section=&#8221;no&#8221; type=&#8221;grid&#8221; angled_section=&#8221;no&#8221; text_align=&#8221;left&#8221; background_image_as_pattern=&#8221;without_pattern&#8221; z_index=&#8221;&#8221; css=&#8221;.vc_custom_1519912516513{padding-bottom: 115px !important;}&#8221;][vc_column][vc_gmaps link=&#8221;#E-8_JTNDaWZyYW1lJTIwc3JjJTNEJTIyaHR0cHMlM0ElMkYlMkZ3d3cuZ29vZ2xlLmNvbSUyRm1hcHMlMkZlbWJlZCUzRnBiJTNEJTIxMW0xNCUyMTFtOCUyMTFtMyUyMTFkMTI4NzIuNzY2NjU3NTY4ODUlMjEyZDI5LjY2NTczNiUyMTNkMzYuMjM0ODM3OCUyMTNtMiUyMTFpMTAyNCUyMTJpNzY4JTIxNGYxMy4xJTIxM20zJTIxMW0yJTIxMXMweDAlMjUzQTB4ZWZlN2E4MzU1ODJmOTI4MSUyMTJ6Uk1POHhaOXNaWElnUVd0aFpHVnRhWE5wSU9LQWt5QkxZY1dmJTIxNWUwJTIxM20yJTIxMXN0ciUyMTJzdHIlMjE0djE1MzY4NTEwNjc4NzUlMjIlMjB3aWR0aCUzRCUyMjYwMCUyMiUyMGhlaWdodCUzRCUyMjQ1MCUyMiUyMGZyYW1lYm9yZGVyJTNEJTIyMCUyMiUyMHN0eWxlJTNEJTIyYm9yZGVyJTNBMCUyMiUyMGFsbG93ZnVsbHNjcmVlbiUzRSUzQyUyRmlmcmFtZSUzRQ==&#8221;][\/vc_column][\/vc_row]<\/p>\n<\/section>","protected":false},"excerpt":{"rendered":"<p>[vc_row css_animation=&#8221;&#8221; row_type=&#8221;row&#8221; use_row_as_full_screen_section=&#8221;no&#8221; type=&#8221;grid&#8221; angled_section=&#8221;no&#8221; text_align=&#8221;left&#8221; background_image_as_pattern=&#8221;without_pattern&#8221; z_index=&#8221;&#8221; css=&#8221;.vc_custom_1519912633929{padding-top: 100px !important;}&#8221;][vc_column offset=&#8221;vc_col-lg-6 vc_col-md-12&#8243;][qode_elements_holder number_of_columns=&#8221;one_column&#8221;][qode_elements_holder_item item_padding=&#8221;0 30px 0 0&#8243; advanced_animations=&#8221;no&#8221;][\/qode_elements_holder_item][\/qode_elements_holder][vc_empty_space height=&#8221;40px&#8221;][\/vc_column][vc_column offset=&#8221;vc_col-lg-6 vc_col-md-12&#8243;][qode_elements_holder number_of_columns=&#8221;one_column&#8221;][qode_elements_holder_item item_padding=&#8221;20px 0 0 0&#8243; advanced_animations=&#8221;no&#8221;][vc_column_text] Bizimle ileti\u015fime ge\u00e7in. [\/vc_column_text][vc_empty_space height=&#8221;17px&#8221;][vc_column_text]Etkinlik ile ilgili her t\u00fcrl\u00fc sorular\u0131n\u0131z i\u00e7in, bizimle ileti\u015fime ge\u00e7ebilirsiniz. [\/vc_column_text][vc_empty_space height=&#8221;34px&#8221;][icon_list_item&#8230;<\/p>\n","protected":false},"author":1,"featured_media":0,"parent":0,"menu_order":0,"comment_status":"closed","ping_status":"closed","template":"full_width.php","meta":{"content-type":"","footnotes":""},"_links":{"self":[{"href":"http:\/\/tedxkas.com\/index.php\/wp-json\/wp\/v2\/pages\/184"}],"collection":[{"href":"http:\/\/tedxkas.com\/index.php\/wp-json\/wp\/v2\/pages"}],"about":[{"href":"http:\/\/tedxkas.com\/index.php\/wp-json\/wp\/v2\/types\/page"}],"author":[{"embeddable":true,"href":"http:\/\/tedxkas.com\/index.php\/wp-json\/wp\/v2\/users\/1"}],"replies":[{"embeddable":true,"href":"http:\/\/tedxkas.com\/index.php\/wp-json\/wp\/v2\/comments?post=184"}],"version-history":[{"count":8,"href":"http:\/\/tedxkas.com\/index.php\/wp-json\/wp\/v2\/pages\/184\/revisions"}],"predecessor-version":[{"id":535,"href":"http:\/\/tedxkas.com\/index.php\/wp-json\/wp\/v2\/pages\/184\/revisions\/535"}],"wp:attachment":[{"href":"http:\/\/tedxkas.com\/index.php\/wp-json\/wp\/v2\/media?parent=184"}],"curies":[{"name":"wp","href":"https:\/\/api.w.org\/{rel}","templated":true}]}}